{"id":651,"date":"2022-06-22T11:40:01","date_gmt":"2022-06-21T23:40:01","guid":{"rendered":"https:\/\/whakatumarae.tara.avoca.work\/?page_id=651"},"modified":"2026-04-21T09:33:25","modified_gmt":"2026-04-20T21:33:25","slug":"who-we-are","status":"publish","type":"page","link":"https:\/\/www.whakatumarae.co.nz\/reo\/who-we-are\/","title":{"rendered":"Ko wai m\u0101tou \/ Who are we"},"content":{"rendered":"","protected":false},"excerpt":{"rendered":"","protected":false},"author":6,"featured_media":0,"parent":0,"menu_order":3,"comment_status":"closed","ping_status":"closed","template":"","meta":{"_acf_changed":false,"_seopress_robots_primary_cat":"","_seopress_titles_title":"Ko m\u0101tou t\u0113nei - This is us","_seopress_titles_desc":"Te amorangi ki mua, te h\u0101pai o ki muri. Our Land Trustees, Whakat\u016b Marae Komiti, Te Roopu Whakahaere &amp; Kaimahi","_seopress_robots_index":"","_EventAllDay":false,"_EventTimezone":"","_EventStartDate":"","_EventEndDate":"","_EventStartDateUTC":"","_EventEndDateUTC":"","_EventShowMap":false,"_EventShowMapLink":false,"_EventURL":"","_EventCost":"","_EventCostDescription":"","_EventCurrencySymbol":"","_EventCurrencyCode":"","_EventCurrencyPosition":"","_EventDateTimeSeparator":"","_EventTimeRangeSeparator":"","_EventOrganizerID":[],"_EventVenueID":[],"_OrganizerEmail":"","_OrganizerPhone":"","_OrganizerWebsite":"","_VenueAddress":"","_VenueCity":"","_VenueCountry":"","_VenueProvince":"","_VenueState":"","_VenueZip":"","_VenuePhone":"","_VenueURL":"","_VenueStateProvince":"","_VenueLat":"","_VenueLng":"","_VenueShowMap":false,"_VenueShowMapLink":false,"_tribe_blocks_recurrence_rules":"","_tribe_blocks_recurrence_description":"","_tribe_blocks_recurrence_exclusions":"","footnotes":""},"class_list":["post-651","page","type-page","status-publish","hentry"],"acf":[],"_links":{"self":[{"href":"https:\/\/www.whakatumarae.co.nz\/reo\/wp-json\/wp\/v2\/pages\/651","targetHints":{"allow":["GET"]}}],"collection":[{"href":"https:\/\/www.whakatumarae.co.nz\/reo\/wp-json\/wp\/v2\/pages"}],"about":[{"href":"https:\/\/www.whakatumarae.co.nz\/reo\/wp-json\/wp\/v2\/types\/page"}],"author":[{"embeddable":true,"href":"https:\/\/www.whakatumarae.co.nz\/reo\/wp-json\/wp\/v2\/users\/6"}],"replies":[{"embeddable":true,"href":"https:\/\/www.whakatumarae.co.nz\/reo\/wp-json\/wp\/v2\/comments?post=651"}],"version-history":[{"count":99,"href":"https:\/\/www.whakatumarae.co.nz\/reo\/wp-json\/wp\/v2\/pages\/651\/revisions"}],"predecessor-version":[{"id":5448,"href":"https:\/\/www.whakatumarae.co.nz\/reo\/wp-json\/wp\/v2\/pages\/651\/revisions\/5448"}],"wp:attachment":[{"href":"https:\/\/www.whakatumarae.co.nz\/reo\/wp-json\/wp\/v2\/media?parent=651"}],"curies":[{"name":"wp","href":"https:\/\/api.w.org\/{rel}","templated":true}]}}