{"id":649,"date":"2022-06-22T11:39:14","date_gmt":"2022-06-21T23:39:14","guid":{"rendered":"https:\/\/whakatumarae.tara.avoca.work\/?page_id=649"},"modified":"2022-09-08T16:44:15","modified_gmt":"2022-09-08T04:44:15","slug":"history","status":"publish","type":"page","link":"https:\/\/www.whakatumarae.co.nz\/reo\/history\/","title":{"rendered":"H\u012btori \/ History"},"content":{"rendered":"","protected":false},"excerpt":{"rendered":"","protected":false},"author":6,"featured_media":0,"parent":0,"menu_order":2,"comment_status":"closed","ping_status":"closed","template":"","meta":{"_acf_changed":false,"_seopress_robots_primary_cat":"","_seopress_titles_title":"H\u012btori | History of Whakat\u016b Marae","_seopress_titles_desc":"Whakat\u016b Marae was developed in the 1960&#039;s &amp; houses; Kaakati (whare tupuna), Mauriora (whare kai), 6 whare kaum\u0101tua, Kopuawai Te K\u014dhanga Reo, T\u016bmatak\u014dkiri and Rangikapua buildings.","_seopress_robots_index":"","_EventAllDay":false,"_EventTimezone":"","_EventStartDate":"","_EventEndDate":"","_EventStartDateUTC":"","_EventEndDateUTC":"","_EventShowMap":false,"_EventShowMapLink":false,"_EventURL":"","_EventCost":"","_EventCostDescription":"","_EventCurrencySymbol":"","_EventCurrencyCode":"","_EventCurrencyPosition":"","_EventDateTimeSeparator":"","_EventTimeRangeSeparator":"","_EventOrganizerID":[],"_EventVenueID":[],"_OrganizerEmail":"","_OrganizerPhone":"","_OrganizerWebsite":"","_VenueAddress":"","_VenueCity":"","_VenueCountry":"","_VenueProvince":"","_VenueState":"","_VenueZip":"","_VenuePhone":"","_VenueURL":"","_VenueStateProvince":"","_VenueLat":"","_VenueLng":"","_VenueShowMap":false,"_VenueShowMapLink":false,"_tribe_blocks_recurrence_rules":"","_tribe_blocks_recurrence_description":"","_tribe_blocks_recurrence_exclusions":"","footnotes":""},"class_list":["post-649","page","type-page","status-publish","hentry"],"acf":[],"_links":{"self":[{"href":"https:\/\/www.whakatumarae.co.nz\/reo\/wp-json\/wp\/v2\/pages\/649","targetHints":{"allow":["GET"]}}],"collection":[{"href":"https:\/\/www.whakatumarae.co.nz\/reo\/wp-json\/wp\/v2\/pages"}],"about":[{"href":"https:\/\/www.whakatumarae.co.nz\/reo\/wp-json\/wp\/v2\/types\/page"}],"author":[{"embeddable":true,"href":"https:\/\/www.whakatumarae.co.nz\/reo\/wp-json\/wp\/v2\/users\/6"}],"replies":[{"embeddable":true,"href":"https:\/\/www.whakatumarae.co.nz\/reo\/wp-json\/wp\/v2\/comments?post=649"}],"version-history":[{"count":22,"href":"https:\/\/www.whakatumarae.co.nz\/reo\/wp-json\/wp\/v2\/pages\/649\/revisions"}],"predecessor-version":[{"id":2932,"href":"https:\/\/www.whakatumarae.co.nz\/reo\/wp-json\/wp\/v2\/pages\/649\/revisions\/2932"}],"wp:attachment":[{"href":"https:\/\/www.whakatumarae.co.nz\/reo\/wp-json\/wp\/v2\/media?parent=649"}],"curies":[{"name":"wp","href":"https:\/\/api.w.org\/{rel}","templated":true}]}}