{"id":5344,"date":"2026-03-25T09:57:46","date_gmt":"2026-03-24T20:57:46","guid":{"rendered":"https:\/\/www.whakatumarae.co.nz\/?page_id=5344"},"modified":"2026-04-15T14:58:07","modified_gmt":"2026-04-15T02:58:07","slug":"make-a-booking-whare-puawai","status":"publish","type":"page","link":"https:\/\/www.whakatumarae.co.nz\/reo\/whare-puawai-bookings\/make-a-booking-whare-puawai\/","title":{"rendered":"Book the Whare Pu\u0101wai"},"content":{"rendered":"","protected":false},"excerpt":{"rendered":"","protected":false},"author":2,"featured_media":0,"parent":5348,"menu_order":4,"comment_status":"closed","ping_status":"closed","template":"","meta":{"_acf_changed":false,"_seopress_robots_primary_cat":"","_seopress_titles_title":"Book the Whare Pu\u0101wai","_seopress_titles_desc":"Make a Booking for the Whare Pu\u0101wai, an off-site educational space extension of Whakat\u016b Marae and dedicated to supporting rangatahi.","_seopress_robots_index":"","_EventAllDay":false,"_EventTimezone":"","_EventStartDate":"","_EventEndDate":"","_EventStartDateUTC":"","_EventEndDateUTC":"","_EventShowMap":false,"_EventShowMapLink":false,"_EventURL":"","_EventCost":"","_EventCostDescription":"","_EventCurrencySymbol":"","_EventCurrencyCode":"","_EventCurrencyPosition":"","_EventDateTimeSeparator":"","_EventTimeRangeSeparator":"","_EventOrganizerID":[],"_EventVenueID":[],"_OrganizerEmail":"","_OrganizerPhone":"","_OrganizerWebsite":"","_VenueAddress":"","_VenueCity":"","_VenueCountry":"","_VenueProvince":"","_VenueState":"","_VenueZip":"","_VenuePhone":"","_VenueURL":"","_VenueStateProvince":"","_VenueLat":"","_VenueLng":"","_VenueShowMap":false,"_VenueShowMapLink":false,"_tribe_blocks_recurrence_rules":"","_tribe_blocks_recurrence_description":"","_tribe_blocks_recurrence_exclusions":"","footnotes":""},"class_list":["post-5344","page","type-page","status-publish","hentry"],"acf":[],"_links":{"self":[{"href":"https:\/\/www.whakatumarae.co.nz\/reo\/wp-json\/wp\/v2\/pages\/5344","targetHints":{"allow":["GET"]}}],"collection":[{"href":"https:\/\/www.whakatumarae.co.nz\/reo\/wp-json\/wp\/v2\/pages"}],"about":[{"href":"https:\/\/www.whakatumarae.co.nz\/reo\/wp-json\/wp\/v2\/types\/page"}],"author":[{"embeddable":true,"href":"https:\/\/www.whakatumarae.co.nz\/reo\/wp-json\/wp\/v2\/users\/2"}],"replies":[{"embeddable":true,"href":"https:\/\/www.whakatumarae.co.nz\/reo\/wp-json\/wp\/v2\/comments?post=5344"}],"version-history":[{"count":22,"href":"https:\/\/www.whakatumarae.co.nz\/reo\/wp-json\/wp\/v2\/pages\/5344\/revisions"}],"predecessor-version":[{"id":5422,"href":"https:\/\/www.whakatumarae.co.nz\/reo\/wp-json\/wp\/v2\/pages\/5344\/revisions\/5422"}],"up":[{"embeddable":true,"href":"https:\/\/www.whakatumarae.co.nz\/reo\/wp-json\/wp\/v2\/pages\/5348"}],"wp:attachment":[{"href":"https:\/\/www.whakatumarae.co.nz\/reo\/wp-json\/wp\/v2\/media?parent=5344"}],"curies":[{"name":"wp","href":"https:\/\/api.w.org\/{rel}","templated":true}]}}