{"id":278,"date":"2022-06-07T02:24:45","date_gmt":"2022-06-06T14:24:45","guid":{"rendered":"https:\/\/foundation.avoca.design\/?page_id=278"},"modified":"2026-03-31T14:47:25","modified_gmt":"2026-03-31T01:47:25","slug":"services","status":"publish","type":"page","link":"https:\/\/www.whakatumarae.co.nz\/reo\/services\/","title":{"rendered":"\u0100 m\u0101tou mahi | Services"},"content":{"rendered":"","protected":false},"excerpt":{"rendered":"","protected":false},"author":2,"featured_media":0,"parent":0,"menu_order":5,"comment_status":"closed","ping_status":"closed","template":"","meta":{"_acf_changed":false,"_seopress_robots_primary_cat":"","_seopress_titles_title":"\u0100 m\u0101tou mahi | Wh\u0101nau Ora Services","_seopress_titles_desc":"Whakat\u016b Marae currently provides Wh\u0101nau Ora services to wh\u0101nau living within the Nelson Tasman region.","_seopress_robots_index":"","_EventAllDay":false,"_EventTimezone":"","_EventStartDate":"","_EventEndDate":"","_EventStartDateUTC":"","_EventEndDateUTC":"","_EventShowMap":false,"_EventShowMapLink":false,"_EventURL":"","_EventCost":"","_EventCostDescription":"","_EventCurrencySymbol":"","_EventCurrencyCode":"","_EventCurrencyPosition":"","_EventDateTimeSeparator":"","_EventTimeRangeSeparator":"","_EventOrganizerID":[],"_EventVenueID":[],"_OrganizerEmail":"","_OrganizerPhone":"","_OrganizerWebsite":"","_VenueAddress":"","_VenueCity":"","_VenueCountry":"","_VenueProvince":"","_VenueState":"","_VenueZip":"","_VenuePhone":"","_VenueURL":"","_VenueStateProvince":"","_VenueLat":"","_VenueLng":"","_VenueShowMap":false,"_VenueShowMapLink":false,"_tribe_blocks_recurrence_rules":"","_tribe_blocks_recurrence_description":"","_tribe_blocks_recurrence_exclusions":"","footnotes":""},"class_list":["post-278","page","type-page","status-publish","hentry"],"acf":[],"_links":{"self":[{"href":"https:\/\/www.whakatumarae.co.nz\/reo\/wp-json\/wp\/v2\/pages\/278","targetHints":{"allow":["GET"]}}],"collection":[{"href":"https:\/\/www.whakatumarae.co.nz\/reo\/wp-json\/wp\/v2\/pages"}],"about":[{"href":"https:\/\/www.whakatumarae.co.nz\/reo\/wp-json\/wp\/v2\/types\/page"}],"author":[{"embeddable":true,"href":"https:\/\/www.whakatumarae.co.nz\/reo\/wp-json\/wp\/v2\/users\/2"}],"replies":[{"embeddable":true,"href":"https:\/\/www.whakatumarae.co.nz\/reo\/wp-json\/wp\/v2\/comments?post=278"}],"version-history":[{"count":56,"href":"https:\/\/www.whakatumarae.co.nz\/reo\/wp-json\/wp\/v2\/pages\/278\/revisions"}],"predecessor-version":[{"id":5427,"href":"https:\/\/www.whakatumarae.co.nz\/reo\/wp-json\/wp\/v2\/pages\/278\/revisions\/5427"}],"wp:attachment":[{"href":"https:\/\/www.whakatumarae.co.nz\/reo\/wp-json\/wp\/v2\/media?parent=278"}],"curies":[{"name":"wp","href":"https:\/\/api.w.org\/{rel}","templated":true}]}}