{"id":142,"date":"2022-05-22T05:32:22","date_gmt":"2022-05-21T17:32:22","guid":{"rendered":"https:\/\/foundation.avoca.design\/?page_id=142"},"modified":"2022-09-08T17:12:43","modified_gmt":"2022-09-08T05:12:43","slug":"marae-map","status":"publish","type":"page","link":"https:\/\/www.whakatumarae.co.nz\/reo\/marae-map\/","title":{"rendered":"Mapi | Map"},"content":{"rendered":"","protected":false},"excerpt":{"rendered":"","protected":false},"author":2,"featured_media":0,"parent":0,"menu_order":8,"comment_status":"closed","ping_status":"closed","template":"","meta":{"_acf_changed":false,"_seopress_robots_primary_cat":"","_seopress_titles_title":"Mapi | Map - a map of Whakat\u016b Marae","_seopress_titles_desc":"Mapi | Map - a map of Whakat\u016b Marae. Whakat\u016b Marae is located between Founders Park and Miyazu Japanese Gardens. ","_seopress_robots_index":"","_EventAllDay":false,"_EventTimezone":"","_EventStartDate":"","_EventEndDate":"","_EventStartDateUTC":"","_EventEndDateUTC":"","_EventShowMap":false,"_EventShowMapLink":false,"_EventURL":"","_EventCost":"","_EventCostDescription":"","_EventCurrencySymbol":"","_EventCurrencyCode":"","_EventCurrencyPosition":"","_EventDateTimeSeparator":"","_EventTimeRangeSeparator":"","_EventOrganizerID":[],"_EventVenueID":[],"_OrganizerEmail":"","_OrganizerPhone":"","_OrganizerWebsite":"","_VenueAddress":"","_VenueCity":"","_VenueCountry":"","_VenueProvince":"","_VenueState":"","_VenueZip":"","_VenuePhone":"","_VenueURL":"","_VenueStateProvince":"","_VenueLat":"","_VenueLng":"","_VenueShowMap":false,"_VenueShowMapLink":false,"_tribe_blocks_recurrence_rules":"","_tribe_blocks_recurrence_description":"","_tribe_blocks_recurrence_exclusions":"","footnotes":""},"class_list":["post-142","page","type-page","status-publish","hentry"],"acf":[],"_links":{"self":[{"href":"https:\/\/www.whakatumarae.co.nz\/reo\/wp-json\/wp\/v2\/pages\/142","targetHints":{"allow":["GET"]}}],"collection":[{"href":"https:\/\/www.whakatumarae.co.nz\/reo\/wp-json\/wp\/v2\/pages"}],"about":[{"href":"https:\/\/www.whakatumarae.co.nz\/reo\/wp-json\/wp\/v2\/types\/page"}],"author":[{"embeddable":true,"href":"https:\/\/www.whakatumarae.co.nz\/reo\/wp-json\/wp\/v2\/users\/2"}],"replies":[{"embeddable":true,"href":"https:\/\/www.whakatumarae.co.nz\/reo\/wp-json\/wp\/v2\/comments?post=142"}],"version-history":[{"count":20,"href":"https:\/\/www.whakatumarae.co.nz\/reo\/wp-json\/wp\/v2\/pages\/142\/revisions"}],"predecessor-version":[{"id":1792,"href":"https:\/\/www.whakatumarae.co.nz\/reo\/wp-json\/wp\/v2\/pages\/142\/revisions\/1792"}],"wp:attachment":[{"href":"https:\/\/www.whakatumarae.co.nz\/reo\/wp-json\/wp\/v2\/media?parent=142"}],"curies":[{"name":"wp","href":"https:\/\/api.w.org\/{rel}","templated":true}]}}